{"id":461,"date":"2024-05-24T10:07:29","date_gmt":"2024-05-24T10:07:29","guid":{"rendered":"https:\/\/fixxit.ro\/?page_id=461"},"modified":"2024-05-24T10:10:17","modified_gmt":"2024-05-24T10:10:17","slug":"blog","status":"publish","type":"page","link":"https:\/\/fixxit.ro\/index.php\/blog\/","title":{"rendered":"Blog"},"content":{"rendered":"\t\t<div data-elementor-type=\"wp-page\" data-elementor-id=\"461\" class=\"elementor elementor-461\" data-elementor-post-type=\"page\">\n\t\t\t\t<div class=\"elementor-element elementor-element-036f07c e-flex e-con-boxed e-con e-parent\" data-id=\"036f07c\" data-element_type=\"container\">\n\t\t\t\t\t<div class=\"e-con-inner\">\n\t\t\t\t<div class=\"elementor-element elementor-element-45489b8 elementor-grid-3 elementor-grid-tablet-2 elementor-grid-mobile-1 elementor-posts--thumbnail-top elementor-widget elementor-widget-posts\" data-id=\"45489b8\" data-element_type=\"widget\" data-settings=\"{&quot;classic_columns&quot;:&quot;3&quot;,&quot;classic_columns_tablet&quot;:&quot;2&quot;,&quot;classic_columns_mobile&quot;:&quot;1&quot;,&quot;classic_row_gap&quot;:{&quot;unit&quot;:&quot;px&quot;,&quot;size&quot;:35,&quot;sizes&quot;:[]},&quot;classic_row_gap_tablet&quot;:{&quot;unit&quot;:&quot;px&quot;,&quot;size&quot;:&quot;&quot;,&quot;sizes&quot;:[]},&quot;classic_row_gap_mobile&quot;:{&quot;unit&quot;:&quot;px&quot;,&quot;size&quot;:&quot;&quot;,&quot;sizes&quot;:[]}}\" data-widget_type=\"posts.classic\">\n\t\t\t\t<div class=\"elementor-widget-container\">\n\t\t\t<link rel=\"stylesheet\" href=\"https:\/\/fixxit.ro\/wp-content\/plugins\/elementor-pro\/assets\/css\/widget-posts.min.css\">\t\t<div class=\"elementor-posts-container elementor-posts elementor-posts--skin-classic elementor-grid\">\n\t\t\t\t<article class=\"elementor-post elementor-grid-item post-449 post type-post status-publish format-standard has-post-thumbnail hentry category-blog\">\n\t\t\t\t<a class=\"elementor-post__thumbnail__link\" href=\"https:\/\/fixxit.ro\/index.php\/2024\/05\/24\/reparatii-calculatoare-profesionale-in-timisoara-cu-fixxit-solutii-expertizate-pentru-dispozitive-defecte\/\" tabindex=\"-1\" >\n\t\t\t<div class=\"elementor-post__thumbnail\"><img fetchpriority=\"high\" decoding=\"async\" width=\"300\" height=\"200\" src=\"https:\/\/fixxit.ro\/wp-content\/uploads\/2024\/05\/pexels-photo-2582931-1-300x200.webp\" class=\"attachment-medium size-medium wp-image-453\" alt=\"\" srcset=\"https:\/\/fixxit.ro\/wp-content\/uploads\/2024\/05\/pexels-photo-2582931-1-300x200.webp 300w, https:\/\/fixxit.ro\/wp-content\/uploads\/2024\/05\/pexels-photo-2582931-1-1024x683.webp 1024w, https:\/\/fixxit.ro\/wp-content\/uploads\/2024\/05\/pexels-photo-2582931-1-768x512.webp 768w, https:\/\/fixxit.ro\/wp-content\/uploads\/2024\/05\/pexels-photo-2582931-1.webp 1125w\" sizes=\"(max-width: 300px) 100vw, 300px\" \/><\/div>\n\t\t<\/a>\n\t\t\t\t<div class=\"elementor-post__text\">\n\t\t\t\t<h3 class=\"elementor-post__title\">\n\t\t\t<a href=\"https:\/\/fixxit.ro\/index.php\/2024\/05\/24\/reparatii-calculatoare-profesionale-in-timisoara-cu-fixxit-solutii-expertizate-pentru-dispozitive-defecte\/\" >\n\t\t\t\tReparatii Calculatoare Profesionale \u00een Timi\u0219oara cu Fixxit: Solu\u021bii Expertizate pentru Dispozitive Defecte\t\t\t<\/a>\n\t\t<\/h3>\n\t\t\t\t<div class=\"elementor-post__meta-data\">\n\t\t\t\t\t<span class=\"elementor-post-date\">\n\t\t\tmai 24, 2024\t\t<\/span>\n\t\t\t\t<span class=\"elementor-post-avatar\">\n\t\t\tNiciun comentariu\t\t<\/span>\n\t\t\t\t<\/div>\n\t\t\t\t<div class=\"elementor-post__excerpt\">\n\t\t\t<p>Un calculator defect poate fi o adev\u0103rat\u0103 piedic\u0103 \u00een activit\u0103\u021bile zilnice, at\u00e2t \u00een mediul personal, c\u00e2t \u0219i \u00een cel profesional. De la probleme software \u0219i<\/p>\n\t\t<\/div>\n\t\t\n\t\t<a class=\"elementor-post__read-more\" href=\"https:\/\/fixxit.ro\/index.php\/2024\/05\/24\/reparatii-calculatoare-profesionale-in-timisoara-cu-fixxit-solutii-expertizate-pentru-dispozitive-defecte\/\" aria-label=\"Read more about Reparatii Calculatoare Profesionale \u00een Timi\u0219oara cu Fixxit: Solu\u021bii Expertizate pentru Dispozitive Defecte\" tabindex=\"-1\" >\n\t\t\tRead More \u00bb\t\t<\/a>\n\n\t\t\t\t<\/div>\n\t\t\t\t<\/article>\n\t\t\t\t<article class=\"elementor-post elementor-grid-item post-445 post type-post status-publish format-standard has-post-thumbnail hentry category-blog\">\n\t\t\t\t<a class=\"elementor-post__thumbnail__link\" href=\"https:\/\/fixxit.ro\/index.php\/2024\/05\/24\/solutii-hardware-de-incredere-pentru-probleme-tehnice-servicii-profesionale-in-timisoara\/\" tabindex=\"-1\" >\n\t\t\t<div class=\"elementor-post__thumbnail\"><img decoding=\"async\" width=\"300\" height=\"189\" src=\"https:\/\/fixxit.ro\/wp-content\/uploads\/2024\/05\/header-servicio-hardware.1.0-300x189.png\" class=\"attachment-medium size-medium wp-image-447\" alt=\"\" srcset=\"https:\/\/fixxit.ro\/wp-content\/uploads\/2024\/05\/header-servicio-hardware.1.0-300x189.png 300w, https:\/\/fixxit.ro\/wp-content\/uploads\/2024\/05\/header-servicio-hardware.1.0-1024x645.png 1024w, https:\/\/fixxit.ro\/wp-content\/uploads\/2024\/05\/header-servicio-hardware.1.0-768x483.png 768w, https:\/\/fixxit.ro\/wp-content\/uploads\/2024\/05\/header-servicio-hardware.1.0-1536x967.png 1536w, https:\/\/fixxit.ro\/wp-content\/uploads\/2024\/05\/header-servicio-hardware.1.0.png 1903w\" sizes=\"(max-width: 300px) 100vw, 300px\" \/><\/div>\n\t\t<\/a>\n\t\t\t\t<div class=\"elementor-post__text\">\n\t\t\t\t<h3 class=\"elementor-post__title\">\n\t\t\t<a href=\"https:\/\/fixxit.ro\/index.php\/2024\/05\/24\/solutii-hardware-de-incredere-pentru-probleme-tehnice-servicii-profesionale-in-timisoara\/\" >\n\t\t\t\tSolu\u021bii Hardware de \u00cencredere pentru Probleme Tehnice: Servicii Profesionale \u00een Timi\u0219oara\t\t\t<\/a>\n\t\t<\/h3>\n\t\t\t\t<div class=\"elementor-post__meta-data\">\n\t\t\t\t\t<span class=\"elementor-post-date\">\n\t\t\tmai 24, 2024\t\t<\/span>\n\t\t\t\t<span class=\"elementor-post-avatar\">\n\t\t\tNiciun comentariu\t\t<\/span>\n\t\t\t\t<\/div>\n\t\t\t\t<div class=\"elementor-post__excerpt\">\n\t\t\t<p>\u00cen lumea tehnologiei, chiar \u0219i cele mai fiabile echipamente pot \u00eent\u00e2mpina probleme hardware de-a lungul timpului. De la defec\u021biuni ale componentelor la nevoia de upgrade-uri<\/p>\n\t\t<\/div>\n\t\t\n\t\t<a class=\"elementor-post__read-more\" href=\"https:\/\/fixxit.ro\/index.php\/2024\/05\/24\/solutii-hardware-de-incredere-pentru-probleme-tehnice-servicii-profesionale-in-timisoara\/\" aria-label=\"Read more about Solu\u021bii Hardware de \u00cencredere pentru Probleme Tehnice: Servicii Profesionale \u00een Timi\u0219oara\" tabindex=\"-1\" >\n\t\t\tRead More \u00bb\t\t<\/a>\n\n\t\t\t\t<\/div>\n\t\t\t\t<\/article>\n\t\t\t\t<article class=\"elementor-post elementor-grid-item post-441 post type-post status-publish format-standard has-post-thumbnail hentry category-blog\">\n\t\t\t\t<a class=\"elementor-post__thumbnail__link\" href=\"https:\/\/fixxit.ro\/index.php\/2024\/05\/24\/asistenta-it-de-top-in-timisoara-solutii-profesionale-pentru-orice-problema\/\" tabindex=\"-1\" >\n\t\t\t<div class=\"elementor-post__thumbnail\"><img decoding=\"async\" width=\"300\" height=\"200\" src=\"https:\/\/fixxit.ro\/wp-content\/uploads\/2024\/05\/360_F_410310701_irVZAyvCWWYCiYDdvrF0wLEhjOCsXCb5-300x200.jpg\" class=\"attachment-medium size-medium wp-image-451\" alt=\"\" srcset=\"https:\/\/fixxit.ro\/wp-content\/uploads\/2024\/05\/360_F_410310701_irVZAyvCWWYCiYDdvrF0wLEhjOCsXCb5-300x200.jpg 300w, https:\/\/fixxit.ro\/wp-content\/uploads\/2024\/05\/360_F_410310701_irVZAyvCWWYCiYDdvrF0wLEhjOCsXCb5.jpg 539w\" sizes=\"(max-width: 300px) 100vw, 300px\" \/><\/div>\n\t\t<\/a>\n\t\t\t\t<div class=\"elementor-post__text\">\n\t\t\t\t<h3 class=\"elementor-post__title\">\n\t\t\t<a href=\"https:\/\/fixxit.ro\/index.php\/2024\/05\/24\/asistenta-it-de-top-in-timisoara-solutii-profesionale-pentru-orice-problema\/\" >\n\t\t\t\tAsisten\u021b\u0103 IT de Top \u00een Timi\u0219oara: Solu\u021bii Profesionale pentru Orice Problem\u0103\t\t\t<\/a>\n\t\t<\/h3>\n\t\t\t\t<div class=\"elementor-post__meta-data\">\n\t\t\t\t\t<span class=\"elementor-post-date\">\n\t\t\tmai 24, 2024\t\t<\/span>\n\t\t\t\t<span class=\"elementor-post-avatar\">\n\t\t\tNiciun comentariu\t\t<\/span>\n\t\t\t\t<\/div>\n\t\t\t\t<div class=\"elementor-post__excerpt\">\n\t\t\t<p>\u00cen era digital\u0103, tehnologia joac\u0103 un rol crucial \u00een via\u021ba de zi cu zi \u0219i \u00een activitatea profesional\u0103. De la computere \u0219i laptopuri, la re\u021bele<\/p>\n\t\t<\/div>\n\t\t\n\t\t<a class=\"elementor-post__read-more\" href=\"https:\/\/fixxit.ro\/index.php\/2024\/05\/24\/asistenta-it-de-top-in-timisoara-solutii-profesionale-pentru-orice-problema\/\" aria-label=\"Read more about Asisten\u021b\u0103 IT de Top \u00een Timi\u0219oara: Solu\u021bii Profesionale pentru Orice Problem\u0103\" tabindex=\"-1\" >\n\t\t\tRead More \u00bb\t\t<\/a>\n\n\t\t\t\t<\/div>\n\t\t\t\t<\/article>\n\t\t\t\t<\/div>\n\t\t\n\t\t\t\t<\/div>\n\t\t\t\t<\/div>\n\t\t\t\t\t<\/div>\n\t\t\t\t<\/div>\n\t\t\t\t<\/div>\n\t\t","protected":false},"excerpt":{"rendered":"","protected":false},"author":1,"featured_media":0,"parent":0,"menu_order":0,"comment_status":"closed","ping_status":"closed","template":"","meta":{"footnotes":""},"class_list":["post-461","page","type-page","status-publish","hentry"],"yoast_head":"<!-- This site is optimized with the Yoast SEO plugin v22.9 - https:\/\/yoast.com\/wordpress\/plugins\/seo\/ -->\n<title>Blog - Reparatii Calculatoare Timisoara<\/title>\n<meta name=\"robots\" content=\"index, follow, max-snippet:-1, max-image-preview:large, max-video-preview:-1\" \/>\n<link rel=\"canonical\" href=\"https:\/\/fixxit.ro\/index.php\/blog\/\" \/>\n<meta property=\"og:locale\" content=\"ro_RO\" \/>\n<meta property=\"og:type\" content=\"article\" \/>\n<meta property=\"og:title\" content=\"Blog - Reparatii Calculatoare Timisoara\" \/>\n<meta property=\"og:url\" content=\"https:\/\/fixxit.ro\/index.php\/blog\/\" \/>\n<meta property=\"og:site_name\" content=\"Reparatii Calculatoare Timisoara\" \/>\n<meta property=\"article:modified_time\" content=\"2024-05-24T10:10:17+00:00\" \/>\n<meta name=\"twitter:card\" content=\"summary_large_image\" \/>\n<script type=\"application\/ld+json\" class=\"yoast-schema-graph\">{\"@context\":\"https:\/\/schema.org\",\"@graph\":[{\"@type\":\"WebPage\",\"@id\":\"https:\/\/fixxit.ro\/index.php\/blog\/\",\"url\":\"https:\/\/fixxit.ro\/index.php\/blog\/\",\"name\":\"Blog - Reparatii Calculatoare Timisoara\",\"isPartOf\":{\"@id\":\"https:\/\/fixxit.ro\/#website\"},\"datePublished\":\"2024-05-24T10:07:29+00:00\",\"dateModified\":\"2024-05-24T10:10:17+00:00\",\"breadcrumb\":{\"@id\":\"https:\/\/fixxit.ro\/index.php\/blog\/#breadcrumb\"},\"inLanguage\":\"ro-RO\",\"potentialAction\":[{\"@type\":\"ReadAction\",\"target\":[\"https:\/\/fixxit.ro\/index.php\/blog\/\"]}]},{\"@type\":\"BreadcrumbList\",\"@id\":\"https:\/\/fixxit.ro\/index.php\/blog\/#breadcrumb\",\"itemListElement\":[{\"@type\":\"ListItem\",\"position\":1,\"name\":\"Prima pagin\u0103\",\"item\":\"https:\/\/fixxit.ro\/\"},{\"@type\":\"ListItem\",\"position\":2,\"name\":\"Blog\"}]},{\"@type\":\"WebSite\",\"@id\":\"https:\/\/fixxit.ro\/#website\",\"url\":\"https:\/\/fixxit.ro\/\",\"name\":\"Reparatii Calculatoare Timisoara\",\"description\":\"eparatii laptop, Service Laptop, Service IT, Service Calculatoare\",\"publisher\":{\"@id\":\"https:\/\/fixxit.ro\/#organization\"},\"potentialAction\":[{\"@type\":\"SearchAction\",\"target\":{\"@type\":\"EntryPoint\",\"urlTemplate\":\"https:\/\/fixxit.ro\/?s={search_term_string}\"},\"query-input\":\"required name=search_term_string\"}],\"inLanguage\":\"ro-RO\"},{\"@type\":\"Organization\",\"@id\":\"https:\/\/fixxit.ro\/#organization\",\"name\":\"Reparatii Calculatoare Timisoara\",\"url\":\"https:\/\/fixxit.ro\/\",\"logo\":{\"@type\":\"ImageObject\",\"inLanguage\":\"ro-RO\",\"@id\":\"https:\/\/fixxit.ro\/#\/schema\/logo\/image\/\",\"url\":\"https:\/\/fixxit.ro\/wp-content\/uploads\/2024\/05\/logo_Fixxit1.png\",\"contentUrl\":\"https:\/\/fixxit.ro\/wp-content\/uploads\/2024\/05\/logo_Fixxit1.png\",\"width\":1200,\"height\":403,\"caption\":\"Reparatii Calculatoare Timisoara\"},\"image\":{\"@id\":\"https:\/\/fixxit.ro\/#\/schema\/logo\/image\/\"}}]}<\/script>\n<!-- \/ Yoast SEO plugin. -->","yoast_head_json":{"title":"Blog - Reparatii Calculatoare Timisoara","robots":{"index":"index","follow":"follow","max-snippet":"max-snippet:-1","max-image-preview":"max-image-preview:large","max-video-preview":"max-video-preview:-1"},"canonical":"https:\/\/fixxit.ro\/index.php\/blog\/","og_locale":"ro_RO","og_type":"article","og_title":"Blog - Reparatii Calculatoare Timisoara","og_url":"https:\/\/fixxit.ro\/index.php\/blog\/","og_site_name":"Reparatii Calculatoare Timisoara","article_modified_time":"2024-05-24T10:10:17+00:00","twitter_card":"summary_large_image","schema":{"@context":"https:\/\/schema.org","@graph":[{"@type":"WebPage","@id":"https:\/\/fixxit.ro\/index.php\/blog\/","url":"https:\/\/fixxit.ro\/index.php\/blog\/","name":"Blog - Reparatii Calculatoare Timisoara","isPartOf":{"@id":"https:\/\/fixxit.ro\/#website"},"datePublished":"2024-05-24T10:07:29+00:00","dateModified":"2024-05-24T10:10:17+00:00","breadcrumb":{"@id":"https:\/\/fixxit.ro\/index.php\/blog\/#breadcrumb"},"inLanguage":"ro-RO","potentialAction":[{"@type":"ReadAction","target":["https:\/\/fixxit.ro\/index.php\/blog\/"]}]},{"@type":"BreadcrumbList","@id":"https:\/\/fixxit.ro\/index.php\/blog\/#breadcrumb","itemListElement":[{"@type":"ListItem","position":1,"name":"Prima pagin\u0103","item":"https:\/\/fixxit.ro\/"},{"@type":"ListItem","position":2,"name":"Blog"}]},{"@type":"WebSite","@id":"https:\/\/fixxit.ro\/#website","url":"https:\/\/fixxit.ro\/","name":"Reparatii Calculatoare Timisoara","description":"eparatii laptop, Service Laptop, Service IT, Service Calculatoare","publisher":{"@id":"https:\/\/fixxit.ro\/#organization"},"potentialAction":[{"@type":"SearchAction","target":{"@type":"EntryPoint","urlTemplate":"https:\/\/fixxit.ro\/?s={search_term_string}"},"query-input":"required name=search_term_string"}],"inLanguage":"ro-RO"},{"@type":"Organization","@id":"https:\/\/fixxit.ro\/#organization","name":"Reparatii Calculatoare Timisoara","url":"https:\/\/fixxit.ro\/","logo":{"@type":"ImageObject","inLanguage":"ro-RO","@id":"https:\/\/fixxit.ro\/#\/schema\/logo\/image\/","url":"https:\/\/fixxit.ro\/wp-content\/uploads\/2024\/05\/logo_Fixxit1.png","contentUrl":"https:\/\/fixxit.ro\/wp-content\/uploads\/2024\/05\/logo_Fixxit1.png","width":1200,"height":403,"caption":"Reparatii Calculatoare Timisoara"},"image":{"@id":"https:\/\/fixxit.ro\/#\/schema\/logo\/image\/"}}]}},"_links":{"self":[{"href":"https:\/\/fixxit.ro\/index.php\/wp-json\/wp\/v2\/pages\/461","targetHints":{"allow":["GET"]}}],"collection":[{"href":"https:\/\/fixxit.ro\/index.php\/wp-json\/wp\/v2\/pages"}],"about":[{"href":"https:\/\/fixxit.ro\/index.php\/wp-json\/wp\/v2\/types\/page"}],"author":[{"embeddable":true,"href":"https:\/\/fixxit.ro\/index.php\/wp-json\/wp\/v2\/users\/1"}],"replies":[{"embeddable":true,"href":"https:\/\/fixxit.ro\/index.php\/wp-json\/wp\/v2\/comments?post=461"}],"version-history":[{"count":4,"href":"https:\/\/fixxit.ro\/index.php\/wp-json\/wp\/v2\/pages\/461\/revisions"}],"predecessor-version":[{"id":466,"href":"https:\/\/fixxit.ro\/index.php\/wp-json\/wp\/v2\/pages\/461\/revisions\/466"}],"wp:attachment":[{"href":"https:\/\/fixxit.ro\/index.php\/wp-json\/wp\/v2\/media?parent=461"}],"curies":[{"name":"wp","href":"https:\/\/api.w.org\/{rel}","templated":true}]}}