{"id":358,"date":"2024-05-22T14:12:34","date_gmt":"2024-05-22T14:12:34","guid":{"rendered":"https:\/\/fixxit.ro\/?page_id=358"},"modified":"2024-05-22T14:12:34","modified_gmt":"2024-05-22T14:12:34","slug":"disclaimer","status":"publish","type":"page","link":"https:\/\/fixxit.ro\/index.php\/disclaimer\/","title":{"rendered":"Disclaimer"},"content":{"rendered":"<p>Bun venit pe site-ul Fixxit.ro. Informa\u021biile prezentate pe acest site au scop informativ \u0219i nu constituie sfaturi sau recomand\u0103ri de natur\u0103 juridic\u0103, tehnic\u0103 sau profesional\u0103. Atelierul Repara\u021bii Calculatoare depune toate eforturile pentru a asigura acurate\u021bea informa\u021biilor prezentate, \u00eens\u0103 nu garant\u0103m c\u0103 acestea sunt complete, actualizate sau f\u0103r\u0103 erori. Utilizarea acestui site se face pe propria r\u0103spundere. Fixxit.ro nu va fi responsabil pentru nicio daun\u0103 direct\u0103 sau indirect\u0103 rezultat\u0103 din utilizarea sau incapacitatea de a utiliza informa\u021biile de pe acest site.<\/p>\n","protected":false},"excerpt":{"rendered":"<p>Bun venit pe site-ul Fixxit.ro. Informa\u021biile prezentate pe acest site au scop informativ \u0219i nu constituie sfaturi sau recomand\u0103ri de natur\u0103 juridic\u0103, tehnic\u0103 sau profesional\u0103. Atelierul Repara\u021bii Calculatoare depune toate eforturile pentru a asigura acurate\u021bea informa\u021biilor prezentate, \u00eens\u0103 nu garant\u0103m c\u0103 acestea sunt complete, actualizate sau f\u0103r\u0103 erori. Utilizarea acestui site se face pe propria [&hellip;]<\/p>\n","protected":false},"author":1,"featured_media":0,"parent":0,"menu_order":0,"comment_status":"closed","ping_status":"closed","template":"","meta":{"footnotes":""},"class_list":["post-358","page","type-page","status-publish","hentry"],"yoast_head":"<!-- This site is optimized with the Yoast SEO plugin v22.9 - https:\/\/yoast.com\/wordpress\/plugins\/seo\/ -->\n<title>Disclaimer - Reparatii Calculatoare Timisoara<\/title>\n<meta name=\"robots\" content=\"index, follow, max-snippet:-1, max-image-preview:large, max-video-preview:-1\" \/>\n<link rel=\"canonical\" href=\"https:\/\/fixxit.ro\/index.php\/disclaimer\/\" \/>\n<meta property=\"og:locale\" content=\"ro_RO\" \/>\n<meta property=\"og:type\" content=\"article\" \/>\n<meta property=\"og:title\" content=\"Disclaimer - Reparatii Calculatoare Timisoara\" \/>\n<meta property=\"og:description\" content=\"Bun venit pe site-ul Fixxit.ro. Informa\u021biile prezentate pe acest site au scop informativ \u0219i nu constituie sfaturi sau recomand\u0103ri de natur\u0103 juridic\u0103, tehnic\u0103 sau profesional\u0103. Atelierul Repara\u021bii Calculatoare depune toate eforturile pentru a asigura acurate\u021bea informa\u021biilor prezentate, \u00eens\u0103 nu garant\u0103m c\u0103 acestea sunt complete, actualizate sau f\u0103r\u0103 erori. Utilizarea acestui site se face pe propria [&hellip;]\" \/>\n<meta property=\"og:url\" content=\"https:\/\/fixxit.ro\/index.php\/disclaimer\/\" \/>\n<meta property=\"og:site_name\" content=\"Reparatii Calculatoare Timisoara\" \/>\n<meta name=\"twitter:card\" content=\"summary_large_image\" \/>\n<script type=\"application\/ld+json\" class=\"yoast-schema-graph\">{\"@context\":\"https:\/\/schema.org\",\"@graph\":[{\"@type\":\"WebPage\",\"@id\":\"https:\/\/fixxit.ro\/index.php\/disclaimer\/\",\"url\":\"https:\/\/fixxit.ro\/index.php\/disclaimer\/\",\"name\":\"Disclaimer - Reparatii Calculatoare Timisoara\",\"isPartOf\":{\"@id\":\"https:\/\/fixxit.ro\/#website\"},\"datePublished\":\"2024-05-22T14:12:34+00:00\",\"dateModified\":\"2024-05-22T14:12:34+00:00\",\"breadcrumb\":{\"@id\":\"https:\/\/fixxit.ro\/index.php\/disclaimer\/#breadcrumb\"},\"inLanguage\":\"ro-RO\",\"potentialAction\":[{\"@type\":\"ReadAction\",\"target\":[\"https:\/\/fixxit.ro\/index.php\/disclaimer\/\"]}]},{\"@type\":\"BreadcrumbList\",\"@id\":\"https:\/\/fixxit.ro\/index.php\/disclaimer\/#breadcrumb\",\"itemListElement\":[{\"@type\":\"ListItem\",\"position\":1,\"name\":\"Prima pagin\u0103\",\"item\":\"https:\/\/fixxit.ro\/\"},{\"@type\":\"ListItem\",\"position\":2,\"name\":\"Disclaimer\"}]},{\"@type\":\"WebSite\",\"@id\":\"https:\/\/fixxit.ro\/#website\",\"url\":\"https:\/\/fixxit.ro\/\",\"name\":\"Reparatii Calculatoare Timisoara\",\"description\":\"eparatii laptop, Service Laptop, Service IT, Service Calculatoare\",\"publisher\":{\"@id\":\"https:\/\/fixxit.ro\/#organization\"},\"potentialAction\":[{\"@type\":\"SearchAction\",\"target\":{\"@type\":\"EntryPoint\",\"urlTemplate\":\"https:\/\/fixxit.ro\/?s={search_term_string}\"},\"query-input\":\"required name=search_term_string\"}],\"inLanguage\":\"ro-RO\"},{\"@type\":\"Organization\",\"@id\":\"https:\/\/fixxit.ro\/#organization\",\"name\":\"Reparatii Calculatoare Timisoara\",\"url\":\"https:\/\/fixxit.ro\/\",\"logo\":{\"@type\":\"ImageObject\",\"inLanguage\":\"ro-RO\",\"@id\":\"https:\/\/fixxit.ro\/#\/schema\/logo\/image\/\",\"url\":\"https:\/\/fixxit.ro\/wp-content\/uploads\/2024\/05\/logo_Fixxit1.png\",\"contentUrl\":\"https:\/\/fixxit.ro\/wp-content\/uploads\/2024\/05\/logo_Fixxit1.png\",\"width\":1200,\"height\":403,\"caption\":\"Reparatii Calculatoare Timisoara\"},\"image\":{\"@id\":\"https:\/\/fixxit.ro\/#\/schema\/logo\/image\/\"}}]}<\/script>\n<!-- \/ Yoast SEO plugin. -->","yoast_head_json":{"title":"Disclaimer - Reparatii Calculatoare Timisoara","robots":{"index":"index","follow":"follow","max-snippet":"max-snippet:-1","max-image-preview":"max-image-preview:large","max-video-preview":"max-video-preview:-1"},"canonical":"https:\/\/fixxit.ro\/index.php\/disclaimer\/","og_locale":"ro_RO","og_type":"article","og_title":"Disclaimer - Reparatii Calculatoare Timisoara","og_description":"Bun venit pe site-ul Fixxit.ro. Informa\u021biile prezentate pe acest site au scop informativ \u0219i nu constituie sfaturi sau recomand\u0103ri de natur\u0103 juridic\u0103, tehnic\u0103 sau profesional\u0103. Atelierul Repara\u021bii Calculatoare depune toate eforturile pentru a asigura acurate\u021bea informa\u021biilor prezentate, \u00eens\u0103 nu garant\u0103m c\u0103 acestea sunt complete, actualizate sau f\u0103r\u0103 erori. Utilizarea acestui site se face pe propria [&hellip;]","og_url":"https:\/\/fixxit.ro\/index.php\/disclaimer\/","og_site_name":"Reparatii Calculatoare Timisoara","twitter_card":"summary_large_image","schema":{"@context":"https:\/\/schema.org","@graph":[{"@type":"WebPage","@id":"https:\/\/fixxit.ro\/index.php\/disclaimer\/","url":"https:\/\/fixxit.ro\/index.php\/disclaimer\/","name":"Disclaimer - Reparatii Calculatoare Timisoara","isPartOf":{"@id":"https:\/\/fixxit.ro\/#website"},"datePublished":"2024-05-22T14:12:34+00:00","dateModified":"2024-05-22T14:12:34+00:00","breadcrumb":{"@id":"https:\/\/fixxit.ro\/index.php\/disclaimer\/#breadcrumb"},"inLanguage":"ro-RO","potentialAction":[{"@type":"ReadAction","target":["https:\/\/fixxit.ro\/index.php\/disclaimer\/"]}]},{"@type":"BreadcrumbList","@id":"https:\/\/fixxit.ro\/index.php\/disclaimer\/#breadcrumb","itemListElement":[{"@type":"ListItem","position":1,"name":"Prima pagin\u0103","item":"https:\/\/fixxit.ro\/"},{"@type":"ListItem","position":2,"name":"Disclaimer"}]},{"@type":"WebSite","@id":"https:\/\/fixxit.ro\/#website","url":"https:\/\/fixxit.ro\/","name":"Reparatii Calculatoare Timisoara","description":"eparatii laptop, Service Laptop, Service IT, Service Calculatoare","publisher":{"@id":"https:\/\/fixxit.ro\/#organization"},"potentialAction":[{"@type":"SearchAction","target":{"@type":"EntryPoint","urlTemplate":"https:\/\/fixxit.ro\/?s={search_term_string}"},"query-input":"required name=search_term_string"}],"inLanguage":"ro-RO"},{"@type":"Organization","@id":"https:\/\/fixxit.ro\/#organization","name":"Reparatii Calculatoare Timisoara","url":"https:\/\/fixxit.ro\/","logo":{"@type":"ImageObject","inLanguage":"ro-RO","@id":"https:\/\/fixxit.ro\/#\/schema\/logo\/image\/","url":"https:\/\/fixxit.ro\/wp-content\/uploads\/2024\/05\/logo_Fixxit1.png","contentUrl":"https:\/\/fixxit.ro\/wp-content\/uploads\/2024\/05\/logo_Fixxit1.png","width":1200,"height":403,"caption":"Reparatii Calculatoare Timisoara"},"image":{"@id":"https:\/\/fixxit.ro\/#\/schema\/logo\/image\/"}}]}},"_links":{"self":[{"href":"https:\/\/fixxit.ro\/index.php\/wp-json\/wp\/v2\/pages\/358","targetHints":{"allow":["GET"]}}],"collection":[{"href":"https:\/\/fixxit.ro\/index.php\/wp-json\/wp\/v2\/pages"}],"about":[{"href":"https:\/\/fixxit.ro\/index.php\/wp-json\/wp\/v2\/types\/page"}],"author":[{"embeddable":true,"href":"https:\/\/fixxit.ro\/index.php\/wp-json\/wp\/v2\/users\/1"}],"replies":[{"embeddable":true,"href":"https:\/\/fixxit.ro\/index.php\/wp-json\/wp\/v2\/comments?post=358"}],"version-history":[{"count":1,"href":"https:\/\/fixxit.ro\/index.php\/wp-json\/wp\/v2\/pages\/358\/revisions"}],"predecessor-version":[{"id":359,"href":"https:\/\/fixxit.ro\/index.php\/wp-json\/wp\/v2\/pages\/358\/revisions\/359"}],"wp:attachment":[{"href":"https:\/\/fixxit.ro\/index.php\/wp-json\/wp\/v2\/media?parent=358"}],"curies":[{"name":"wp","href":"https:\/\/api.w.org\/{rel}","templated":true}]}}