{"id":356,"date":"2024-05-22T14:11:50","date_gmt":"2024-05-22T14:11:50","guid":{"rendered":"https:\/\/fixxit.ro\/?page_id=356"},"modified":"2024-05-29T07:20:18","modified_gmt":"2024-05-29T07:20:18","slug":"acordul-de-marketing","status":"publish","type":"page","link":"https:\/\/fixxit.ro\/index.php\/acordul-de-marketing\/","title":{"rendered":"Acordul de Marketing"},"content":{"rendered":"<p>Prin utilizarea serviciilor noastre, sunte\u021bi de acord s\u0103 primi\u021bi comunic\u0103ri de marketing din partea Fixxit.ro. Aceste comunic\u0103ri includ oferte speciale, nout\u0103\u021bi despre serviciile noastre \u0219i alte informa\u021bii relevante.<\/p>\n<p>Consim\u021b\u0103m\u00e2nt: Prin furnizarea datelor dvs. personale, sunte\u021bi de acord s\u0103 primi\u021bi mesaje de marketing de la noi.<br \/>\nRenun\u021bare: Pute\u021bi renun\u021ba oric\u00e2nd la comunic\u0103rile noastre de marketing prin utilizarea link-ului de dezabonare din e-mailurile primite sau contact\u00e2ndu-ne direct.<br \/>\nUtilizarea Datelor: Datele dvs. personale vor fi utilizate exclusiv pentru scopuri de marketing \u0219i nu vor fi partajate cu ter\u021be p\u0103r\u021bi f\u0103r\u0103 consim\u021b\u0103m\u00e2ntul dvs.<\/p>\n<p>&nbsp;<\/p>\n","protected":false},"excerpt":{"rendered":"<p>Prin utilizarea serviciilor noastre, sunte\u021bi de acord s\u0103 primi\u021bi comunic\u0103ri de marketing din partea Fixxit.ro. Aceste comunic\u0103ri includ oferte speciale, nout\u0103\u021bi despre serviciile noastre \u0219i alte informa\u021bii relevante. Consim\u021b\u0103m\u00e2nt: Prin furnizarea datelor dvs. personale, sunte\u021bi de acord s\u0103 primi\u021bi mesaje de marketing de la noi. Renun\u021bare: Pute\u021bi renun\u021ba oric\u00e2nd la comunic\u0103rile noastre de marketing prin [&hellip;]<\/p>\n","protected":false},"author":1,"featured_media":0,"parent":0,"menu_order":0,"comment_status":"closed","ping_status":"closed","template":"","meta":{"footnotes":""},"class_list":["post-356","page","type-page","status-publish","hentry"],"yoast_head":"<!-- This site is optimized with the Yoast SEO plugin v22.9 - https:\/\/yoast.com\/wordpress\/plugins\/seo\/ -->\n<title>Acordul de Marketing - Reparatii Calculatoare Timisoara<\/title>\n<meta name=\"robots\" content=\"index, follow, max-snippet:-1, max-image-preview:large, max-video-preview:-1\" \/>\n<link rel=\"canonical\" href=\"https:\/\/fixxit.ro\/index.php\/acordul-de-marketing\/\" \/>\n<meta property=\"og:locale\" content=\"ro_RO\" \/>\n<meta property=\"og:type\" content=\"article\" \/>\n<meta property=\"og:title\" content=\"Acordul de Marketing - Reparatii Calculatoare Timisoara\" \/>\n<meta property=\"og:description\" content=\"Prin utilizarea serviciilor noastre, sunte\u021bi de acord s\u0103 primi\u021bi comunic\u0103ri de marketing din partea Fixxit.ro. Aceste comunic\u0103ri includ oferte speciale, nout\u0103\u021bi despre serviciile noastre \u0219i alte informa\u021bii relevante. Consim\u021b\u0103m\u00e2nt: Prin furnizarea datelor dvs. personale, sunte\u021bi de acord s\u0103 primi\u021bi mesaje de marketing de la noi. Renun\u021bare: Pute\u021bi renun\u021ba oric\u00e2nd la comunic\u0103rile noastre de marketing prin [&hellip;]\" \/>\n<meta property=\"og:url\" content=\"https:\/\/fixxit.ro\/index.php\/acordul-de-marketing\/\" \/>\n<meta property=\"og:site_name\" content=\"Reparatii Calculatoare Timisoara\" \/>\n<meta property=\"article:modified_time\" content=\"2024-05-29T07:20:18+00:00\" \/>\n<meta name=\"twitter:card\" content=\"summary_large_image\" \/>\n<meta name=\"twitter:label1\" content=\"Timp estimat pentru citire\" \/>\n\t<meta name=\"twitter:data1\" content=\"1 minut\" \/>\n<script type=\"application\/ld+json\" class=\"yoast-schema-graph\">{\"@context\":\"https:\/\/schema.org\",\"@graph\":[{\"@type\":\"WebPage\",\"@id\":\"https:\/\/fixxit.ro\/index.php\/acordul-de-marketing\/\",\"url\":\"https:\/\/fixxit.ro\/index.php\/acordul-de-marketing\/\",\"name\":\"Acordul de Marketing - Reparatii Calculatoare Timisoara\",\"isPartOf\":{\"@id\":\"https:\/\/fixxit.ro\/#website\"},\"datePublished\":\"2024-05-22T14:11:50+00:00\",\"dateModified\":\"2024-05-29T07:20:18+00:00\",\"breadcrumb\":{\"@id\":\"https:\/\/fixxit.ro\/index.php\/acordul-de-marketing\/#breadcrumb\"},\"inLanguage\":\"ro-RO\",\"potentialAction\":[{\"@type\":\"ReadAction\",\"target\":[\"https:\/\/fixxit.ro\/index.php\/acordul-de-marketing\/\"]}]},{\"@type\":\"BreadcrumbList\",\"@id\":\"https:\/\/fixxit.ro\/index.php\/acordul-de-marketing\/#breadcrumb\",\"itemListElement\":[{\"@type\":\"ListItem\",\"position\":1,\"name\":\"Prima pagin\u0103\",\"item\":\"https:\/\/fixxit.ro\/\"},{\"@type\":\"ListItem\",\"position\":2,\"name\":\"Acordul de Marketing\"}]},{\"@type\":\"WebSite\",\"@id\":\"https:\/\/fixxit.ro\/#website\",\"url\":\"https:\/\/fixxit.ro\/\",\"name\":\"Reparatii Calculatoare Timisoara\",\"description\":\"eparatii laptop, Service Laptop, Service IT, Service Calculatoare\",\"publisher\":{\"@id\":\"https:\/\/fixxit.ro\/#organization\"},\"potentialAction\":[{\"@type\":\"SearchAction\",\"target\":{\"@type\":\"EntryPoint\",\"urlTemplate\":\"https:\/\/fixxit.ro\/?s={search_term_string}\"},\"query-input\":\"required name=search_term_string\"}],\"inLanguage\":\"ro-RO\"},{\"@type\":\"Organization\",\"@id\":\"https:\/\/fixxit.ro\/#organization\",\"name\":\"Reparatii Calculatoare Timisoara\",\"url\":\"https:\/\/fixxit.ro\/\",\"logo\":{\"@type\":\"ImageObject\",\"inLanguage\":\"ro-RO\",\"@id\":\"https:\/\/fixxit.ro\/#\/schema\/logo\/image\/\",\"url\":\"https:\/\/fixxit.ro\/wp-content\/uploads\/2024\/05\/logo_Fixxit1.png\",\"contentUrl\":\"https:\/\/fixxit.ro\/wp-content\/uploads\/2024\/05\/logo_Fixxit1.png\",\"width\":1200,\"height\":403,\"caption\":\"Reparatii Calculatoare Timisoara\"},\"image\":{\"@id\":\"https:\/\/fixxit.ro\/#\/schema\/logo\/image\/\"}}]}<\/script>\n<!-- \/ Yoast SEO plugin. -->","yoast_head_json":{"title":"Acordul de Marketing - Reparatii Calculatoare Timisoara","robots":{"index":"index","follow":"follow","max-snippet":"max-snippet:-1","max-image-preview":"max-image-preview:large","max-video-preview":"max-video-preview:-1"},"canonical":"https:\/\/fixxit.ro\/index.php\/acordul-de-marketing\/","og_locale":"ro_RO","og_type":"article","og_title":"Acordul de Marketing - Reparatii Calculatoare Timisoara","og_description":"Prin utilizarea serviciilor noastre, sunte\u021bi de acord s\u0103 primi\u021bi comunic\u0103ri de marketing din partea Fixxit.ro. Aceste comunic\u0103ri includ oferte speciale, nout\u0103\u021bi despre serviciile noastre \u0219i alte informa\u021bii relevante. Consim\u021b\u0103m\u00e2nt: Prin furnizarea datelor dvs. personale, sunte\u021bi de acord s\u0103 primi\u021bi mesaje de marketing de la noi. Renun\u021bare: Pute\u021bi renun\u021ba oric\u00e2nd la comunic\u0103rile noastre de marketing prin [&hellip;]","og_url":"https:\/\/fixxit.ro\/index.php\/acordul-de-marketing\/","og_site_name":"Reparatii Calculatoare Timisoara","article_modified_time":"2024-05-29T07:20:18+00:00","twitter_card":"summary_large_image","twitter_misc":{"Timp estimat pentru citire":"1 minut"},"schema":{"@context":"https:\/\/schema.org","@graph":[{"@type":"WebPage","@id":"https:\/\/fixxit.ro\/index.php\/acordul-de-marketing\/","url":"https:\/\/fixxit.ro\/index.php\/acordul-de-marketing\/","name":"Acordul de Marketing - Reparatii Calculatoare Timisoara","isPartOf":{"@id":"https:\/\/fixxit.ro\/#website"},"datePublished":"2024-05-22T14:11:50+00:00","dateModified":"2024-05-29T07:20:18+00:00","breadcrumb":{"@id":"https:\/\/fixxit.ro\/index.php\/acordul-de-marketing\/#breadcrumb"},"inLanguage":"ro-RO","potentialAction":[{"@type":"ReadAction","target":["https:\/\/fixxit.ro\/index.php\/acordul-de-marketing\/"]}]},{"@type":"BreadcrumbList","@id":"https:\/\/fixxit.ro\/index.php\/acordul-de-marketing\/#breadcrumb","itemListElement":[{"@type":"ListItem","position":1,"name":"Prima pagin\u0103","item":"https:\/\/fixxit.ro\/"},{"@type":"ListItem","position":2,"name":"Acordul de Marketing"}]},{"@type":"WebSite","@id":"https:\/\/fixxit.ro\/#website","url":"https:\/\/fixxit.ro\/","name":"Reparatii Calculatoare Timisoara","description":"eparatii laptop, Service Laptop, Service IT, Service Calculatoare","publisher":{"@id":"https:\/\/fixxit.ro\/#organization"},"potentialAction":[{"@type":"SearchAction","target":{"@type":"EntryPoint","urlTemplate":"https:\/\/fixxit.ro\/?s={search_term_string}"},"query-input":"required name=search_term_string"}],"inLanguage":"ro-RO"},{"@type":"Organization","@id":"https:\/\/fixxit.ro\/#organization","name":"Reparatii Calculatoare Timisoara","url":"https:\/\/fixxit.ro\/","logo":{"@type":"ImageObject","inLanguage":"ro-RO","@id":"https:\/\/fixxit.ro\/#\/schema\/logo\/image\/","url":"https:\/\/fixxit.ro\/wp-content\/uploads\/2024\/05\/logo_Fixxit1.png","contentUrl":"https:\/\/fixxit.ro\/wp-content\/uploads\/2024\/05\/logo_Fixxit1.png","width":1200,"height":403,"caption":"Reparatii Calculatoare Timisoara"},"image":{"@id":"https:\/\/fixxit.ro\/#\/schema\/logo\/image\/"}}]}},"_links":{"self":[{"href":"https:\/\/fixxit.ro\/index.php\/wp-json\/wp\/v2\/pages\/356","targetHints":{"allow":["GET"]}}],"collection":[{"href":"https:\/\/fixxit.ro\/index.php\/wp-json\/wp\/v2\/pages"}],"about":[{"href":"https:\/\/fixxit.ro\/index.php\/wp-json\/wp\/v2\/types\/page"}],"author":[{"embeddable":true,"href":"https:\/\/fixxit.ro\/index.php\/wp-json\/wp\/v2\/users\/1"}],"replies":[{"embeddable":true,"href":"https:\/\/fixxit.ro\/index.php\/wp-json\/wp\/v2\/comments?post=356"}],"version-history":[{"count":2,"href":"https:\/\/fixxit.ro\/index.php\/wp-json\/wp\/v2\/pages\/356\/revisions"}],"predecessor-version":[{"id":589,"href":"https:\/\/fixxit.ro\/index.php\/wp-json\/wp\/v2\/pages\/356\/revisions\/589"}],"wp:attachment":[{"href":"https:\/\/fixxit.ro\/index.php\/wp-json\/wp\/v2\/media?parent=356"}],"curies":[{"name":"wp","href":"https:\/\/api.w.org\/{rel}","templated":true}]}}