{"id":352,"date":"2024-05-22T14:10:29","date_gmt":"2024-05-22T14:10:29","guid":{"rendered":"https:\/\/fixxit.ro\/?page_id=352"},"modified":"2024-05-29T07:21:02","modified_gmt":"2024-05-29T07:21:02","slug":"politica-de-cookie-uri","status":"publish","type":"page","link":"https:\/\/fixxit.ro\/index.php\/politica-de-cookie-uri\/","title":{"rendered":"Politica de Cookie-uri"},"content":{"rendered":"<p>Fixxit.ro utilizeaz\u0103 cookie-uri pentru a \u00eembun\u0103t\u0103\u021bi experien\u021ba utilizatorilor pe site-ul nostru. Cookie-urile sunt fi\u0219iere mici stocate pe dispozitivul dvs. care ne ajut\u0103 s\u0103 analiz\u0103m traficul web \u0219i s\u0103 personaliz\u0103m con\u021binutul pentru utilizatori.<\/p>\n<p>Tipuri de Cookie-uri Utilizate: Utiliz\u0103m cookie-uri de sesiune, persistente \u0219i de ter\u021be p\u0103r\u021bi pentru a \u00eembun\u0103t\u0103\u021bi func\u021bionalitatea site-ului.<br \/>\nGestionarea Cookie-urilor: Pute\u021bi controla \u0219i gestiona utilizarea cookie-urilor din set\u0103rile browserului dvs.<br \/>\nConfiden\u021bialitate: Informa\u021biile colectate prin cookie-uri sunt utilizate conform politicii noastre de confiden\u021bialitate.<\/p>\n","protected":false},"excerpt":{"rendered":"<p>Fixxit.ro utilizeaz\u0103 cookie-uri pentru a \u00eembun\u0103t\u0103\u021bi experien\u021ba utilizatorilor pe site-ul nostru. Cookie-urile sunt fi\u0219iere mici stocate pe dispozitivul dvs. care ne ajut\u0103 s\u0103 analiz\u0103m traficul web \u0219i s\u0103 personaliz\u0103m con\u021binutul pentru utilizatori. Tipuri de Cookie-uri Utilizate: Utiliz\u0103m cookie-uri de sesiune, persistente \u0219i de ter\u021be p\u0103r\u021bi pentru a \u00eembun\u0103t\u0103\u021bi func\u021bionalitatea site-ului. Gestionarea Cookie-urilor: Pute\u021bi controla \u0219i [&hellip;]<\/p>\n","protected":false},"author":1,"featured_media":0,"parent":0,"menu_order":0,"comment_status":"closed","ping_status":"closed","template":"","meta":{"footnotes":""},"class_list":["post-352","page","type-page","status-publish","hentry"],"yoast_head":"<!-- This site is optimized with the Yoast SEO plugin v22.9 - https:\/\/yoast.com\/wordpress\/plugins\/seo\/ -->\n<title>Politica de Cookie-uri - Reparatii Calculatoare Timisoara<\/title>\n<meta name=\"robots\" content=\"index, follow, max-snippet:-1, max-image-preview:large, max-video-preview:-1\" \/>\n<link rel=\"canonical\" href=\"https:\/\/fixxit.ro\/index.php\/politica-de-cookie-uri\/\" \/>\n<meta property=\"og:locale\" content=\"ro_RO\" \/>\n<meta property=\"og:type\" content=\"article\" \/>\n<meta property=\"og:title\" content=\"Politica de Cookie-uri - Reparatii Calculatoare Timisoara\" \/>\n<meta property=\"og:description\" content=\"Fixxit.ro utilizeaz\u0103 cookie-uri pentru a \u00eembun\u0103t\u0103\u021bi experien\u021ba utilizatorilor pe site-ul nostru. Cookie-urile sunt fi\u0219iere mici stocate pe dispozitivul dvs. care ne ajut\u0103 s\u0103 analiz\u0103m traficul web \u0219i s\u0103 personaliz\u0103m con\u021binutul pentru utilizatori. Tipuri de Cookie-uri Utilizate: Utiliz\u0103m cookie-uri de sesiune, persistente \u0219i de ter\u021be p\u0103r\u021bi pentru a \u00eembun\u0103t\u0103\u021bi func\u021bionalitatea site-ului. Gestionarea Cookie-urilor: Pute\u021bi controla \u0219i [&hellip;]\" \/>\n<meta property=\"og:url\" content=\"https:\/\/fixxit.ro\/index.php\/politica-de-cookie-uri\/\" \/>\n<meta property=\"og:site_name\" content=\"Reparatii Calculatoare Timisoara\" \/>\n<meta property=\"article:modified_time\" content=\"2024-05-29T07:21:02+00:00\" \/>\n<meta name=\"twitter:card\" content=\"summary_large_image\" \/>\n<script type=\"application\/ld+json\" class=\"yoast-schema-graph\">{\"@context\":\"https:\/\/schema.org\",\"@graph\":[{\"@type\":\"WebPage\",\"@id\":\"https:\/\/fixxit.ro\/index.php\/politica-de-cookie-uri\/\",\"url\":\"https:\/\/fixxit.ro\/index.php\/politica-de-cookie-uri\/\",\"name\":\"Politica de Cookie-uri - Reparatii Calculatoare Timisoara\",\"isPartOf\":{\"@id\":\"https:\/\/fixxit.ro\/#website\"},\"datePublished\":\"2024-05-22T14:10:29+00:00\",\"dateModified\":\"2024-05-29T07:21:02+00:00\",\"breadcrumb\":{\"@id\":\"https:\/\/fixxit.ro\/index.php\/politica-de-cookie-uri\/#breadcrumb\"},\"inLanguage\":\"ro-RO\",\"potentialAction\":[{\"@type\":\"ReadAction\",\"target\":[\"https:\/\/fixxit.ro\/index.php\/politica-de-cookie-uri\/\"]}]},{\"@type\":\"BreadcrumbList\",\"@id\":\"https:\/\/fixxit.ro\/index.php\/politica-de-cookie-uri\/#breadcrumb\",\"itemListElement\":[{\"@type\":\"ListItem\",\"position\":1,\"name\":\"Prima pagin\u0103\",\"item\":\"https:\/\/fixxit.ro\/\"},{\"@type\":\"ListItem\",\"position\":2,\"name\":\"Politica de Cookie-uri\"}]},{\"@type\":\"WebSite\",\"@id\":\"https:\/\/fixxit.ro\/#website\",\"url\":\"https:\/\/fixxit.ro\/\",\"name\":\"Reparatii Calculatoare Timisoara\",\"description\":\"eparatii laptop, Service Laptop, Service IT, Service Calculatoare\",\"publisher\":{\"@id\":\"https:\/\/fixxit.ro\/#organization\"},\"potentialAction\":[{\"@type\":\"SearchAction\",\"target\":{\"@type\":\"EntryPoint\",\"urlTemplate\":\"https:\/\/fixxit.ro\/?s={search_term_string}\"},\"query-input\":\"required name=search_term_string\"}],\"inLanguage\":\"ro-RO\"},{\"@type\":\"Organization\",\"@id\":\"https:\/\/fixxit.ro\/#organization\",\"name\":\"Reparatii Calculatoare Timisoara\",\"url\":\"https:\/\/fixxit.ro\/\",\"logo\":{\"@type\":\"ImageObject\",\"inLanguage\":\"ro-RO\",\"@id\":\"https:\/\/fixxit.ro\/#\/schema\/logo\/image\/\",\"url\":\"https:\/\/fixxit.ro\/wp-content\/uploads\/2024\/05\/logo_Fixxit1.png\",\"contentUrl\":\"https:\/\/fixxit.ro\/wp-content\/uploads\/2024\/05\/logo_Fixxit1.png\",\"width\":1200,\"height\":403,\"caption\":\"Reparatii Calculatoare Timisoara\"},\"image\":{\"@id\":\"https:\/\/fixxit.ro\/#\/schema\/logo\/image\/\"}}]}<\/script>\n<!-- \/ Yoast SEO plugin. -->","yoast_head_json":{"title":"Politica de Cookie-uri - Reparatii Calculatoare Timisoara","robots":{"index":"index","follow":"follow","max-snippet":"max-snippet:-1","max-image-preview":"max-image-preview:large","max-video-preview":"max-video-preview:-1"},"canonical":"https:\/\/fixxit.ro\/index.php\/politica-de-cookie-uri\/","og_locale":"ro_RO","og_type":"article","og_title":"Politica de Cookie-uri - Reparatii Calculatoare Timisoara","og_description":"Fixxit.ro utilizeaz\u0103 cookie-uri pentru a \u00eembun\u0103t\u0103\u021bi experien\u021ba utilizatorilor pe site-ul nostru. Cookie-urile sunt fi\u0219iere mici stocate pe dispozitivul dvs. care ne ajut\u0103 s\u0103 analiz\u0103m traficul web \u0219i s\u0103 personaliz\u0103m con\u021binutul pentru utilizatori. Tipuri de Cookie-uri Utilizate: Utiliz\u0103m cookie-uri de sesiune, persistente \u0219i de ter\u021be p\u0103r\u021bi pentru a \u00eembun\u0103t\u0103\u021bi func\u021bionalitatea site-ului. Gestionarea Cookie-urilor: Pute\u021bi controla \u0219i [&hellip;]","og_url":"https:\/\/fixxit.ro\/index.php\/politica-de-cookie-uri\/","og_site_name":"Reparatii Calculatoare Timisoara","article_modified_time":"2024-05-29T07:21:02+00:00","twitter_card":"summary_large_image","schema":{"@context":"https:\/\/schema.org","@graph":[{"@type":"WebPage","@id":"https:\/\/fixxit.ro\/index.php\/politica-de-cookie-uri\/","url":"https:\/\/fixxit.ro\/index.php\/politica-de-cookie-uri\/","name":"Politica de Cookie-uri - Reparatii Calculatoare Timisoara","isPartOf":{"@id":"https:\/\/fixxit.ro\/#website"},"datePublished":"2024-05-22T14:10:29+00:00","dateModified":"2024-05-29T07:21:02+00:00","breadcrumb":{"@id":"https:\/\/fixxit.ro\/index.php\/politica-de-cookie-uri\/#breadcrumb"},"inLanguage":"ro-RO","potentialAction":[{"@type":"ReadAction","target":["https:\/\/fixxit.ro\/index.php\/politica-de-cookie-uri\/"]}]},{"@type":"BreadcrumbList","@id":"https:\/\/fixxit.ro\/index.php\/politica-de-cookie-uri\/#breadcrumb","itemListElement":[{"@type":"ListItem","position":1,"name":"Prima pagin\u0103","item":"https:\/\/fixxit.ro\/"},{"@type":"ListItem","position":2,"name":"Politica de Cookie-uri"}]},{"@type":"WebSite","@id":"https:\/\/fixxit.ro\/#website","url":"https:\/\/fixxit.ro\/","name":"Reparatii Calculatoare Timisoara","description":"eparatii laptop, Service Laptop, Service IT, Service Calculatoare","publisher":{"@id":"https:\/\/fixxit.ro\/#organization"},"potentialAction":[{"@type":"SearchAction","target":{"@type":"EntryPoint","urlTemplate":"https:\/\/fixxit.ro\/?s={search_term_string}"},"query-input":"required name=search_term_string"}],"inLanguage":"ro-RO"},{"@type":"Organization","@id":"https:\/\/fixxit.ro\/#organization","name":"Reparatii Calculatoare Timisoara","url":"https:\/\/fixxit.ro\/","logo":{"@type":"ImageObject","inLanguage":"ro-RO","@id":"https:\/\/fixxit.ro\/#\/schema\/logo\/image\/","url":"https:\/\/fixxit.ro\/wp-content\/uploads\/2024\/05\/logo_Fixxit1.png","contentUrl":"https:\/\/fixxit.ro\/wp-content\/uploads\/2024\/05\/logo_Fixxit1.png","width":1200,"height":403,"caption":"Reparatii Calculatoare Timisoara"},"image":{"@id":"https:\/\/fixxit.ro\/#\/schema\/logo\/image\/"}}]}},"_links":{"self":[{"href":"https:\/\/fixxit.ro\/index.php\/wp-json\/wp\/v2\/pages\/352","targetHints":{"allow":["GET"]}}],"collection":[{"href":"https:\/\/fixxit.ro\/index.php\/wp-json\/wp\/v2\/pages"}],"about":[{"href":"https:\/\/fixxit.ro\/index.php\/wp-json\/wp\/v2\/types\/page"}],"author":[{"embeddable":true,"href":"https:\/\/fixxit.ro\/index.php\/wp-json\/wp\/v2\/users\/1"}],"replies":[{"embeddable":true,"href":"https:\/\/fixxit.ro\/index.php\/wp-json\/wp\/v2\/comments?post=352"}],"version-history":[{"count":2,"href":"https:\/\/fixxit.ro\/index.php\/wp-json\/wp\/v2\/pages\/352\/revisions"}],"predecessor-version":[{"id":590,"href":"https:\/\/fixxit.ro\/index.php\/wp-json\/wp\/v2\/pages\/352\/revisions\/590"}],"wp:attachment":[{"href":"https:\/\/fixxit.ro\/index.php\/wp-json\/wp\/v2\/media?parent=352"}],"curies":[{"name":"wp","href":"https:\/\/api.w.org\/{rel}","templated":true}]}}