{"id":350,"date":"2024-05-22T14:09:46","date_gmt":"2024-05-22T14:09:46","guid":{"rendered":"https:\/\/fixxit.ro\/?page_id=350"},"modified":"2024-05-29T07:21:14","modified_gmt":"2024-05-29T07:21:14","slug":"termeni-si-conditii","status":"publish","type":"page","link":"https:\/\/fixxit.ro\/index.php\/termeni-si-conditii\/","title":{"rendered":"Termeni \u0219i Condi\u021bii"},"content":{"rendered":"<p>Bun venit pe Fixxit.ro. Prin accesarea \u0219i utilizarea acestui site, sunte\u021bi de acord s\u0103 respecta\u021bi urm\u0103torii termeni \u0219i condi\u021bii:<\/p>\n<p>Utilizarea Site-ului: Utilizatorii trebuie s\u0103 foloseasc\u0103 site-ul \u00eentr-o manier\u0103 legal\u0103 \u0219i s\u0103 nu interfereze cu securitatea sau func\u021bionarea acestuia.<br \/>\nProprietatea Intelectual\u0103: Toate materialele de pe acest site sunt proprietatea Fixxit.ro \u0219i sunt protejate prin legile drepturilor de autor.<br \/>\nLimitarea R\u0103spunderii: Fixxit.ro nu este responsabil pentru daunele directe sau indirecte rezultate din utilizarea acestui site.<br \/>\nModific\u0103ri: Fixxit.ro \u00ee\u0219i rezerv\u0103 dreptul de a modifica ace\u0219ti termeni \u0219i condi\u021bii \u00een orice moment, f\u0103r\u0103 notificare prealabil\u0103.<\/p>\n","protected":false},"excerpt":{"rendered":"<p>Bun venit pe Fixxit.ro. Prin accesarea \u0219i utilizarea acestui site, sunte\u021bi de acord s\u0103 respecta\u021bi urm\u0103torii termeni \u0219i condi\u021bii: Utilizarea Site-ului: Utilizatorii trebuie s\u0103 foloseasc\u0103 site-ul \u00eentr-o manier\u0103 legal\u0103 \u0219i s\u0103 nu interfereze cu securitatea sau func\u021bionarea acestuia. Proprietatea Intelectual\u0103: Toate materialele de pe acest site sunt proprietatea Fixxit.ro \u0219i sunt protejate prin legile drepturilor [&hellip;]<\/p>\n","protected":false},"author":1,"featured_media":0,"parent":0,"menu_order":0,"comment_status":"closed","ping_status":"closed","template":"","meta":{"footnotes":""},"class_list":["post-350","page","type-page","status-publish","hentry"],"yoast_head":"<!-- This site is optimized with the Yoast SEO plugin v22.9 - https:\/\/yoast.com\/wordpress\/plugins\/seo\/ -->\n<title>Termeni \u0219i Condi\u021bii - Reparatii Calculatoare Timisoara<\/title>\n<meta name=\"robots\" content=\"index, follow, max-snippet:-1, max-image-preview:large, max-video-preview:-1\" \/>\n<link rel=\"canonical\" href=\"https:\/\/fixxit.ro\/index.php\/termeni-si-conditii\/\" \/>\n<meta property=\"og:locale\" content=\"ro_RO\" \/>\n<meta property=\"og:type\" content=\"article\" \/>\n<meta property=\"og:title\" content=\"Termeni \u0219i Condi\u021bii - Reparatii Calculatoare Timisoara\" \/>\n<meta property=\"og:description\" content=\"Bun venit pe Fixxit.ro. Prin accesarea \u0219i utilizarea acestui site, sunte\u021bi de acord s\u0103 respecta\u021bi urm\u0103torii termeni \u0219i condi\u021bii: Utilizarea Site-ului: Utilizatorii trebuie s\u0103 foloseasc\u0103 site-ul \u00eentr-o manier\u0103 legal\u0103 \u0219i s\u0103 nu interfereze cu securitatea sau func\u021bionarea acestuia. Proprietatea Intelectual\u0103: Toate materialele de pe acest site sunt proprietatea Fixxit.ro \u0219i sunt protejate prin legile drepturilor [&hellip;]\" \/>\n<meta property=\"og:url\" content=\"https:\/\/fixxit.ro\/index.php\/termeni-si-conditii\/\" \/>\n<meta property=\"og:site_name\" content=\"Reparatii Calculatoare Timisoara\" \/>\n<meta property=\"article:modified_time\" content=\"2024-05-29T07:21:14+00:00\" \/>\n<meta name=\"twitter:card\" content=\"summary_large_image\" \/>\n<meta name=\"twitter:label1\" content=\"Timp estimat pentru citire\" \/>\n\t<meta name=\"twitter:data1\" content=\"1 minut\" \/>\n<script type=\"application\/ld+json\" class=\"yoast-schema-graph\">{\"@context\":\"https:\/\/schema.org\",\"@graph\":[{\"@type\":\"WebPage\",\"@id\":\"https:\/\/fixxit.ro\/index.php\/termeni-si-conditii\/\",\"url\":\"https:\/\/fixxit.ro\/index.php\/termeni-si-conditii\/\",\"name\":\"Termeni \u0219i Condi\u021bii - Reparatii Calculatoare Timisoara\",\"isPartOf\":{\"@id\":\"https:\/\/fixxit.ro\/#website\"},\"datePublished\":\"2024-05-22T14:09:46+00:00\",\"dateModified\":\"2024-05-29T07:21:14+00:00\",\"breadcrumb\":{\"@id\":\"https:\/\/fixxit.ro\/index.php\/termeni-si-conditii\/#breadcrumb\"},\"inLanguage\":\"ro-RO\",\"potentialAction\":[{\"@type\":\"ReadAction\",\"target\":[\"https:\/\/fixxit.ro\/index.php\/termeni-si-conditii\/\"]}]},{\"@type\":\"BreadcrumbList\",\"@id\":\"https:\/\/fixxit.ro\/index.php\/termeni-si-conditii\/#breadcrumb\",\"itemListElement\":[{\"@type\":\"ListItem\",\"position\":1,\"name\":\"Prima pagin\u0103\",\"item\":\"https:\/\/fixxit.ro\/\"},{\"@type\":\"ListItem\",\"position\":2,\"name\":\"Termeni \u0219i Condi\u021bii\"}]},{\"@type\":\"WebSite\",\"@id\":\"https:\/\/fixxit.ro\/#website\",\"url\":\"https:\/\/fixxit.ro\/\",\"name\":\"Reparatii Calculatoare Timisoara\",\"description\":\"eparatii laptop, Service Laptop, Service IT, Service Calculatoare\",\"publisher\":{\"@id\":\"https:\/\/fixxit.ro\/#organization\"},\"potentialAction\":[{\"@type\":\"SearchAction\",\"target\":{\"@type\":\"EntryPoint\",\"urlTemplate\":\"https:\/\/fixxit.ro\/?s={search_term_string}\"},\"query-input\":\"required name=search_term_string\"}],\"inLanguage\":\"ro-RO\"},{\"@type\":\"Organization\",\"@id\":\"https:\/\/fixxit.ro\/#organization\",\"name\":\"Reparatii Calculatoare Timisoara\",\"url\":\"https:\/\/fixxit.ro\/\",\"logo\":{\"@type\":\"ImageObject\",\"inLanguage\":\"ro-RO\",\"@id\":\"https:\/\/fixxit.ro\/#\/schema\/logo\/image\/\",\"url\":\"https:\/\/fixxit.ro\/wp-content\/uploads\/2024\/05\/logo_Fixxit1.png\",\"contentUrl\":\"https:\/\/fixxit.ro\/wp-content\/uploads\/2024\/05\/logo_Fixxit1.png\",\"width\":1200,\"height\":403,\"caption\":\"Reparatii Calculatoare Timisoara\"},\"image\":{\"@id\":\"https:\/\/fixxit.ro\/#\/schema\/logo\/image\/\"}}]}<\/script>\n<!-- \/ Yoast SEO plugin. -->","yoast_head_json":{"title":"Termeni \u0219i Condi\u021bii - Reparatii Calculatoare Timisoara","robots":{"index":"index","follow":"follow","max-snippet":"max-snippet:-1","max-image-preview":"max-image-preview:large","max-video-preview":"max-video-preview:-1"},"canonical":"https:\/\/fixxit.ro\/index.php\/termeni-si-conditii\/","og_locale":"ro_RO","og_type":"article","og_title":"Termeni \u0219i Condi\u021bii - Reparatii Calculatoare Timisoara","og_description":"Bun venit pe Fixxit.ro. Prin accesarea \u0219i utilizarea acestui site, sunte\u021bi de acord s\u0103 respecta\u021bi urm\u0103torii termeni \u0219i condi\u021bii: Utilizarea Site-ului: Utilizatorii trebuie s\u0103 foloseasc\u0103 site-ul \u00eentr-o manier\u0103 legal\u0103 \u0219i s\u0103 nu interfereze cu securitatea sau func\u021bionarea acestuia. Proprietatea Intelectual\u0103: Toate materialele de pe acest site sunt proprietatea Fixxit.ro \u0219i sunt protejate prin legile drepturilor [&hellip;]","og_url":"https:\/\/fixxit.ro\/index.php\/termeni-si-conditii\/","og_site_name":"Reparatii Calculatoare Timisoara","article_modified_time":"2024-05-29T07:21:14+00:00","twitter_card":"summary_large_image","twitter_misc":{"Timp estimat pentru citire":"1 minut"},"schema":{"@context":"https:\/\/schema.org","@graph":[{"@type":"WebPage","@id":"https:\/\/fixxit.ro\/index.php\/termeni-si-conditii\/","url":"https:\/\/fixxit.ro\/index.php\/termeni-si-conditii\/","name":"Termeni \u0219i Condi\u021bii - Reparatii Calculatoare Timisoara","isPartOf":{"@id":"https:\/\/fixxit.ro\/#website"},"datePublished":"2024-05-22T14:09:46+00:00","dateModified":"2024-05-29T07:21:14+00:00","breadcrumb":{"@id":"https:\/\/fixxit.ro\/index.php\/termeni-si-conditii\/#breadcrumb"},"inLanguage":"ro-RO","potentialAction":[{"@type":"ReadAction","target":["https:\/\/fixxit.ro\/index.php\/termeni-si-conditii\/"]}]},{"@type":"BreadcrumbList","@id":"https:\/\/fixxit.ro\/index.php\/termeni-si-conditii\/#breadcrumb","itemListElement":[{"@type":"ListItem","position":1,"name":"Prima pagin\u0103","item":"https:\/\/fixxit.ro\/"},{"@type":"ListItem","position":2,"name":"Termeni \u0219i Condi\u021bii"}]},{"@type":"WebSite","@id":"https:\/\/fixxit.ro\/#website","url":"https:\/\/fixxit.ro\/","name":"Reparatii Calculatoare Timisoara","description":"eparatii laptop, Service Laptop, Service IT, Service Calculatoare","publisher":{"@id":"https:\/\/fixxit.ro\/#organization"},"potentialAction":[{"@type":"SearchAction","target":{"@type":"EntryPoint","urlTemplate":"https:\/\/fixxit.ro\/?s={search_term_string}"},"query-input":"required name=search_term_string"}],"inLanguage":"ro-RO"},{"@type":"Organization","@id":"https:\/\/fixxit.ro\/#organization","name":"Reparatii Calculatoare Timisoara","url":"https:\/\/fixxit.ro\/","logo":{"@type":"ImageObject","inLanguage":"ro-RO","@id":"https:\/\/fixxit.ro\/#\/schema\/logo\/image\/","url":"https:\/\/fixxit.ro\/wp-content\/uploads\/2024\/05\/logo_Fixxit1.png","contentUrl":"https:\/\/fixxit.ro\/wp-content\/uploads\/2024\/05\/logo_Fixxit1.png","width":1200,"height":403,"caption":"Reparatii Calculatoare Timisoara"},"image":{"@id":"https:\/\/fixxit.ro\/#\/schema\/logo\/image\/"}}]}},"_links":{"self":[{"href":"https:\/\/fixxit.ro\/index.php\/wp-json\/wp\/v2\/pages\/350","targetHints":{"allow":["GET"]}}],"collection":[{"href":"https:\/\/fixxit.ro\/index.php\/wp-json\/wp\/v2\/pages"}],"about":[{"href":"https:\/\/fixxit.ro\/index.php\/wp-json\/wp\/v2\/types\/page"}],"author":[{"embeddable":true,"href":"https:\/\/fixxit.ro\/index.php\/wp-json\/wp\/v2\/users\/1"}],"replies":[{"embeddable":true,"href":"https:\/\/fixxit.ro\/index.php\/wp-json\/wp\/v2\/comments?post=350"}],"version-history":[{"count":2,"href":"https:\/\/fixxit.ro\/index.php\/wp-json\/wp\/v2\/pages\/350\/revisions"}],"predecessor-version":[{"id":591,"href":"https:\/\/fixxit.ro\/index.php\/wp-json\/wp\/v2\/pages\/350\/revisions\/591"}],"wp:attachment":[{"href":"https:\/\/fixxit.ro\/index.php\/wp-json\/wp\/v2\/media?parent=350"}],"curies":[{"name":"wp","href":"https:\/\/api.w.org\/{rel}","templated":true}]}}